{"id":1789,"date":"2023-01-12T17:26:35","date_gmt":"2023-01-12T17:26:35","guid":{"rendered":"http:\/\/bullkites.com\/fluegel\/"},"modified":"2024-11-02T18:31:23","modified_gmt":"2024-11-02T18:31:23","slug":"fluegel","status":"publish","type":"page","link":"https:\/\/bullkites.com\/de\/fluegel\/","title":{"rendered":"Wing"},"content":{"rendered":"<p>[et_pb_section fb_built=&#8220;1&#8243; custom_padding_last_edited=&#8220;on|desktop&#8220; _builder_version=&#8220;4.19.4&#8243; _module_preset=&#8220;default&#8220; background_image=&#8220;https:\/\/bullkites.com\/wp-content\/uploads\/2023\/01\/products_kite_gradient_f0c534a3-scaled.jpg&#8220; background_size=&#8220;initial&#8220; background_position=&#8220;top_center&#8220; custom_padding=&#8220;64px||0px||false|false&#8220; custom_padding_tablet=&#8220;20px|20px|96px|20px|false|false&#8220; custom_padding_phone=&#8220;20px||0px||false|false&#8220; locked=&#8220;off&#8220; global_colors_info=&#8220;{}&#8220;][et_pb_row column_structure=&#8220;1_2,1_2&#8243; use_custom_gutter=&#8220;on&#8220; gutter_width=&#8220;2&#8243; make_equal=&#8220;on&#8220; custom_padding_last_edited=&#8220;on|desktop&#8220; _builder_version=&#8220;4.19.4&#8243; _module_preset=&#8220;default&#8220; max_width=&#8220;1150px&#8220; custom_padding=&#8220;0px||||false|false&#8220; custom_padding_tablet=&#8220;0px||||false|false&#8220; custom_padding_phone=&#8220;0px||||false|false&#8220; global_colors_info=&#8220;{}&#8220;][et_pb_column type=&#8220;1_2&#8243; _builder_version=&#8220;4.19.4&#8243; _module_preset=&#8220;default&#8220; global_colors_info=&#8220;{}&#8220;][et_pb_image src=&#8220;https:\/\/bullkites.com\/wp-content\/uploads\/2024\/10\/wing.png&#8220; title_text=&#8220;W1&#8243; force_fullwidth=&#8220;on&#8220; _builder_version=&#8220;4.25.0&#8243; _module_preset=&#8220;default&#8220; global_colors_info=&#8220;{}&#8220;][\/et_pb_image][\/et_pb_column][et_pb_column type=&#8220;1_2&#8243; module_id=&#8220;project-rscolmn&#8220; _builder_version=&#8220;4.19.4&#8243; _module_preset=&#8220;default&#8220; global_colors_info=&#8220;{}&#8220;][et_pb_text _builder_version=&#8220;4.19.4&#8243; _module_preset=&#8220;default&#8220; text_font=&#8220;Open Sans|600|||||||&#8220; text_text_color=&#8220;#000000&#8243; text_font_size=&#8220;48px&#8220; text_line_height=&#8220;1.5em&#8220; header_font=&#8220;Open Sans|700|||||||&#8220; header_text_color=&#8220;#000000&#8243; header_font_size=&#8220;48px&#8220; custom_margin=&#8220;0px||0px||false|false&#8220; custom_padding=&#8220;0px|||5px|false|false&#8220; global_colors_info=&#8220;{}&#8220;]<\/p>\n<h1>Bull Powertrain Serie<\/h1>\n<p>[\/et_pb_text][et_pb_text _builder_version=&#8220;4.25.0&#8243; _module_preset=&#8220;default&#8220; text_font=&#8220;Open Sans|500|||||||&#8220; text_text_color=&#8220;#000000&#8243; text_font_size=&#8220;20px&#8220; text_line_height=&#8220;1.2em&#8220; custom_margin=&#8220;||30px||false|false&#8220; custom_padding=&#8220;21px|||||&#8220; hover_enabled=&#8220;0&#8243; global_colors_info=&#8220;{}&#8220; sticky_enabled=&#8220;0&#8243;]<\/p>\n<p><span>Leistungsstark und einfach im Handling zeichnen diesen Wing aus. Neutral beim Flaggen, sportlich aber sanft findet der Powertrain in allen Terrains Anwendung. Ein idealer Wing vom Baggersee bis Brandung.<\/span><\/p>\n<p><span>Die Kombination aus Teijin Ripstop und leichtem Dacron garantiert Robustheit und Langlebigkeit bei \u00e4usserst g\u00fcnstigen Anschaffungskosten. Erh\u00e4ltlich in verschiedenen Farbkombinationen.<\/span><\/p>\n<p><span>Um die Kr\u00e4fte perfekt umsetzen zu k\u00f6nnen, gibts den leichten und steifen Carbon Boom.\u00a0<\/span><\/p>\n<p>Gr\u00f6\u00dfen: 2.5\/3.0\/3.5\/4.0\/4.5\/5.0\/5.5m2<\/p>\n<p>[\/et_pb_text][et_pb_text module_id=&#8220;project-content&#8220; _builder_version=&#8220;4.19.4&#8243; _module_preset=&#8220;default&#8220; text_font=&#8220;Open Sans||||||||&#8220; text_text_color=&#8220;#000000&#8243; text_font_size=&#8220;16px&#8220; text_line_height=&#8220;1.5em&#8220; global_colors_info=&#8220;{}&#8220;][\/et_pb_text][\/et_pb_column][\/et_pb_row][\/et_pb_section][et_pb_section fb_built=&#8220;1&#8243; custom_padding_last_edited=&#8220;on|desktop&#8220; _builder_version=&#8220;4.19.4&#8243; _module_preset=&#8220;default&#8220; background_image=&#8220;https:\/\/bullkites.com\/wp-content\/uploads\/2023\/01\/products_kite_gradient_f0c534a3-scaled.jpg&#8220; background_size=&#8220;initial&#8220; background_position=&#8220;top_center&#8220; custom_padding=&#8220;64px||0px||false|false&#8220; custom_padding_tablet=&#8220;20px|20px|96px|20px|false|false&#8220; custom_padding_phone=&#8220;20px||0px||false|false&#8220; locked=&#8220;off&#8220; global_colors_info=&#8220;{}&#8220;][et_pb_row column_structure=&#8220;1_2,1_2&#8243; use_custom_gutter=&#8220;on&#8220; gutter_width=&#8220;2&#8243; make_equal=&#8220;on&#8220; custom_padding_last_edited=&#8220;on|desktop&#8220; _builder_version=&#8220;4.19.4&#8243; _module_preset=&#8220;default&#8220; max_width=&#8220;1150px&#8220; custom_padding=&#8220;0px||||false|false&#8220; custom_padding_tablet=&#8220;0px||||false|false&#8220; custom_padding_phone=&#8220;0px||||false|false&#8220; global_colors_info=&#8220;{}&#8220;][et_pb_column type=&#8220;1_2&#8243; _builder_version=&#8220;4.19.4&#8243; _module_preset=&#8220;default&#8220; global_colors_info=&#8220;{}&#8220;][et_pb_image src=&#8220;https:\/\/bullkites.com\/wp-content\/uploads\/2024\/11\/SuperPT2.png&#8220; title_text=&#8220;SuperPT2&#8243; force_fullwidth=&#8220;on&#8220; _builder_version=&#8220;4.25.0&#8243; _module_preset=&#8220;default&#8220; global_colors_info=&#8220;{}&#8220;][\/et_pb_image][\/et_pb_column][et_pb_column type=&#8220;1_2&#8243; module_id=&#8220;project-rscolmn&#8220; _builder_version=&#8220;4.19.4&#8243; _module_preset=&#8220;default&#8220; global_colors_info=&#8220;{}&#8220;][et_pb_text _builder_version=&#8220;4.19.4&#8243; _module_preset=&#8220;default&#8220; text_font=&#8220;Open Sans|600|||||||&#8220; text_text_color=&#8220;#000000&#8243; text_font_size=&#8220;48px&#8220; text_line_height=&#8220;1.5em&#8220; header_font=&#8220;Open Sans|700|||||||&#8220; header_text_color=&#8220;#000000&#8243; header_font_size=&#8220;48px&#8220; custom_margin=&#8220;0px||0px||false|false&#8220; custom_padding=&#8220;0px||||false|false&#8220; global_colors_info=&#8220;{}&#8220;]<\/p>\n<h1>Bull SuperPT Serie<\/h1>\n<p>[\/et_pb_text][et_pb_text module_id=&#8220;project-content&#8220; _builder_version=&#8220;4.19.4&#8243; _module_preset=&#8220;default&#8220; text_font=&#8220;Open Sans||||||||&#8220; text_text_color=&#8220;#000000&#8243; text_font_size=&#8220;16px&#8220; text_line_height=&#8220;1.5em&#8220; global_colors_info=&#8220;{}&#8220;][\/et_pb_text][et_pb_text _builder_version=&#8220;4.25.0&#8243; _module_preset=&#8220;default&#8220; text_font=&#8220;Open Sans|500|||||||&#8220; text_text_color=&#8220;#000000&#8243; text_font_size=&#8220;20px&#8220; text_line_height=&#8220;1.2em&#8220; width=&#8220;99.7%&#8220; custom_margin=&#8220;||30px||false|false&#8220; custom_padding=&#8220;|||0px||&#8220; global_colors_info=&#8220;{}&#8220;]<\/p>\n<p><span>Konstruiert und optimiert f\u00fcr Leichtigkeit und Leistung. Agilste Reaktion, direktes Umsetzten, rasanter Vortrieb durch high tech Materialien. Carbon, Kevlar, Dyneema Struktur garantieren geringste Dehnung und Verformung bei unschlagbarem Gewicht.<\/span><\/p>\n<p><span>Das Ripstop Poliester ist mit 19 g\/m2 das mit Abstand leichteste und beste Material am Markt.<\/span><\/p>\n<p><span>Um die Kr\u00e4fte perfekt umsetzen zu k\u00f6nnen, gibts den leichten und steifen Carbon Boom.\u00a0<\/span><\/p>\n<p>Gr\u00f6\u00dfen: 2.5\/3.0\/3.5\/4.0\/4.5\/5.0\/5.5m2<\/p>\n<p>[\/et_pb_text][\/et_pb_column][\/et_pb_row][\/et_pb_section]<\/p>\n","protected":false},"excerpt":{"rendered":"<p>Bull Powertrain SerieLeistungsstark und einfach im Handling zeichnen diesen Wing aus. Neutral beim Flaggen, sportlich aber sanft findet der Powertrain in allen Terrains Anwendung. Ein idealer Wing vom Baggersee bis Brandung. Die Kombination aus Teijin Ripstop und leichtem Dacron garantiert Robustheit und Langlebigkeit bei \u00e4usserst g\u00fcnstigen Anschaffungskosten. Erh\u00e4ltlich in verschiedenen Farbkombinationen. Um die Kr\u00e4fte perfekt [&hellip;]<\/p>\n","protected":false},"author":1,"featured_media":0,"parent":0,"menu_order":0,"comment_status":"closed","ping_status":"closed","template":"","meta":{"_et_pb_use_builder":"on","_et_pb_old_content":"","_et_gb_content_width":"","footnotes":""},"_links":{"self":[{"href":"https:\/\/bullkites.com\/de\/wp-json\/wp\/v2\/pages\/1789"}],"collection":[{"href":"https:\/\/bullkites.com\/de\/wp-json\/wp\/v2\/pages"}],"about":[{"href":"https:\/\/bullkites.com\/de\/wp-json\/wp\/v2\/types\/page"}],"author":[{"embeddable":true,"href":"https:\/\/bullkites.com\/de\/wp-json\/wp\/v2\/users\/1"}],"replies":[{"embeddable":true,"href":"https:\/\/bullkites.com\/de\/wp-json\/wp\/v2\/comments?post=1789"}],"version-history":[{"count":13,"href":"https:\/\/bullkites.com\/de\/wp-json\/wp\/v2\/pages\/1789\/revisions"}],"predecessor-version":[{"id":2443,"href":"https:\/\/bullkites.com\/de\/wp-json\/wp\/v2\/pages\/1789\/revisions\/2443"}],"wp:attachment":[{"href":"https:\/\/bullkites.com\/de\/wp-json\/wp\/v2\/media?parent=1789"}],"curies":[{"name":"wp","href":"https:\/\/api.w.org\/{rel}","templated":true}]}}