{"id":1815,"date":"2023-01-12T17:28:21","date_gmt":"2023-01-12T17:28:21","guid":{"rendered":"http:\/\/bullkites.com\/ueber\/"},"modified":"2023-04-27T09:57:33","modified_gmt":"2023-04-27T09:57:33","slug":"ueber","status":"publish","type":"page","link":"https:\/\/bullkites.com\/de\/ueber\/","title":{"rendered":"\u00dcber Uns"},"content":{"rendered":"<p>[et_pb_section fb_built=&#8220;1&#8243; custom_padding_last_edited=&#8220;off|desktop&#8220; _builder_version=&#8220;4.19.4&#8243; _module_preset=&#8220;default&#8220; background_color=&#8220;rgba(0,0,0,0.45)&#8220; background_image=&#8220;https:\/\/bullkites.com\/wp-content\/uploads\/2023\/02\/About-Keyvisual.jpg&#8220; background_blend=&#8220;overlay&#8220; hover_enabled=&#8220;0&#8243; locked=&#8220;off&#8220; global_colors_info=&#8220;{}&#8220; title_text=&#8220;About Header Keyvisual&#8220; sticky_enabled=&#8220;0&#8243;][et_pb_row custom_padding_last_edited=&#8220;on|desktop&#8220; module_id=&#8220;about&#8220; _builder_version=&#8220;4.19.4&#8243; _module_preset=&#8220;default&#8220; width=&#8220;100%&#8220; max_width=&#8220;1140px&#8220; custom_margin=&#8220;400px||||false|false&#8220; custom_margin_tablet=&#8220;120px||||false|false&#8220; custom_margin_phone=&#8220;120px||||false|false&#8220; custom_margin_last_edited=&#8220;on|tablet&#8220; custom_padding=&#8220;6px||0px|95px|false|false&#8220; custom_padding_tablet=&#8220;|||20px|false|false&#8220; custom_padding_phone=&#8220;|||20px|false|false&#8220; global_colors_info=&#8220;{}&#8220;][et_pb_column type=&#8220;4_4&#8243; _builder_version=&#8220;4.19.4&#8243; _module_preset=&#8220;default&#8220; global_colors_info=&#8220;{}&#8220;][et_pb_text module_id=&#8220;heading-kite&#8220; _builder_version=&#8220;4.19.4&#8243; _module_preset=&#8220;default&#8220; text_font=&#8220;Open Sans||||||||&#8220; text_text_color=&#8220;#FFFFFF&#8220; header_font=&#8220;Open Sans|700|||||||&#8220; header_text_color=&#8220;#FFFFFF&#8220; header_font_size=&#8220;48px&#8220; header_line_height=&#8220;1.2em&#8220; custom_padding=&#8220;0px||0px||false|false&#8220; header_font_size_tablet=&#8220;42px&#8220; header_font_size_phone=&#8220;42px&#8220; header_font_size_last_edited=&#8220;on|tablet&#8220; global_colors_info=&#8220;{}&#8220;]<\/p>\n<h1>Leidenschaft f\u00fcr Wind und Wasser<\/h1>\n<p class=\"performance\">SEIT 1994<\/p>\n<p>[\/et_pb_text][\/et_pb_column][\/et_pb_row][\/et_pb_section][et_pb_section fb_built=&#8220;1&#8243; custom_padding_last_edited=&#8220;off|desktop&#8220; _builder_version=&#8220;4.19.4&#8243; _module_preset=&#8220;default&#8220; global_colors_info=&#8220;{}&#8220;][et_pb_row custom_padding_last_edited=&#8220;on|phone&#8220; _builder_version=&#8220;4.19.4&#8243; _module_preset=&#8220;default&#8220; width_tablet=&#8220;100%&#8220; width_phone=&#8220;100%&#8220; width_last_edited=&#8220;on|tablet&#8220; max_width=&#8220;1140px&#8220; custom_margin=&#8220;||||false|false&#8220; custom_margin_tablet=&#8220;|0px||0px|false|false&#8220; custom_margin_phone=&#8220;|0px||0px|false|false&#8220; custom_margin_last_edited=&#8220;on|desktop&#8220; custom_padding=&#8220;|246px||95px|false|false&#8220; custom_padding_tablet=&#8220;|20px||20px|false|false&#8220; custom_padding_phone=&#8220;|20px||20px|false|false&#8220; global_colors_info=&#8220;{}&#8220;][et_pb_column type=&#8220;4_4&#8243; _builder_version=&#8220;4.19.4&#8243; _module_preset=&#8220;default&#8220; global_colors_info=&#8220;{}&#8220;][et_pb_text _builder_version=&#8220;4.19.4&#8243; _module_preset=&#8220;default&#8220; header_text_align=&#8220;left&#8220; header_2_font=&#8220;Open Sans|600|||||||&#8220; header_2_text_align=&#8220;left&#8220; header_2_text_color=&#8220;#000000&#8243; header_2_font_size=&#8220;36px&#8220; header_2_line_height=&#8220;1.2em&#8220; locked=&#8220;off&#8220; global_colors_info=&#8220;{}&#8220;]<\/p>\n<h2>T\u00fcftler, Bastler, Erfinder und Techniker mit Leib und Seele.<\/h2>\n<p>[\/et_pb_text][et_pb_text _builder_version=&#8220;4.19.4&#8243; _module_preset=&#8220;default&#8220; header_line_height=&#8220;1.5em&#8220; header_2_text_color=&#8220;#000000&#8243; header_2_font_size=&#8220;36px&#8220; header_5_font=&#8220;|600|||||||&#8220; header_5_text_color=&#8220;#000000&#8243; header_5_font_size=&#8220;20px&#8220; header_5_line_height=&#8220;1.5em&#8220; custom_margin=&#8220;||1em||false|false&#8220; global_colors_info=&#8220;{}&#8220;]<\/p>\n<h5><span>Max Ziegler, gelernter Maschinenbauingenieur, Segler, Windsurfer, Surfer und Kiter seit Urzeiten. Mit 23 unabh\u00e4ngig gemacht. Er surft an allen Spots der Welt, ist ein harter Workaholic und ein fanatischer Wassersportler. Max lebt mit Ana, seinem Sohn Lukas und ihrer Katze Lola in Tarifa.<\/span><\/h5>\n<p>[\/et_pb_text][et_pb_text _builder_version=&#8220;4.19.4&#8243; _module_preset=&#8220;default&#8220; text_text_color=&#8220;#000000&#8243; text_font_size=&#8220;16px&#8220; global_colors_info=&#8220;{}&#8220;]<\/p>\n<p>Das Unternehmen entstand 1996 aus der Segelmacherei South End Sails, in der bereits BULL-Gr\u00fcndungsmitglied Max Ziegler t\u00e4tig war. Damals wie heute liegt der Schwerpunkt von Bull auf Windsurfen, Kitesurfen (seit 2001) und Wellenreiten. Die langj\u00e4hrige Entwicklungsarbeit, die auch f\u00fcr andere Unternehmen geleistet wurde, hat f\u00fcr das Projekt Bull eine Schl\u00fcsselposition eingenommen. Forschung und Entwicklung, sowohl im theoretischen als auch im praktischen Bereich, bleiben unsere Kernkompetenz. F\u00fcr die Konstruktion unserer Produkte wird eine hochmoderne 3D-Software in Verbindung mit einem umfangreichen Maschinenpark eingesetzt. So sind wir in der Lage, unz\u00e4hlige Prototypen, Einzelprodukte, Kleinserien sowie Massenproduktionen in unserem Werk in Asien zu fertigen.<\/p>\n<p>Alles rund um den Wassersport hat sich im Laufe der Zeit zu weiteren Aktivit\u00e4ten entwickelt. So bieten wir heute in unserem Hauptsitz in Tarifa auch einen Reparaturservice f\u00fcr Kites, Segel, Boards und Zubeh\u00f6r, eine modern ausgestattete Kite- und Surfschule, die ganzj\u00e4hrig ge\u00f6ffnet ist, sowie einen ger\u00e4umigen Shop mit allen Arten von Kite-, Windsurf-, Surf- und SUP-Komponenten. Unsere eigenen Beachware-Kollektionen erg\u00e4nzen das Angebot f\u00fcr die modebewussten Kunden.<\/p>\n<p>Sie haben keine Zeit, nach Tarifa zu kommen? Klicken Sie hier, um unseren<a href=\"https:\/\/www.bullonshop.com\/\" target=\"_blank\" rel=\"noopener\"> Bull Online Shop<\/a> zu besuchen.<\/p>\n<p>[\/et_pb_text][\/et_pb_column][\/et_pb_row][\/et_pb_section]<\/p>\n","protected":false},"excerpt":{"rendered":"<p>Leidenschaft f\u00fcr Wind und Wasser SEIT 1994T\u00fcftler, Bastler, Erfinder und Techniker mit Leib und Seele.Max Ziegler, gelernter Maschinenbauingenieur, Segler, Windsurfer, Surfer und Kiter seit Urzeiten. Mit 23 unabh\u00e4ngig gemacht. Er surft an allen Spots der Welt, ist ein harter Workaholic und ein fanatischer Wassersportler. Max lebt mit Ana, seinem Sohn Lukas und ihrer Katze Lola [&hellip;]<\/p>\n","protected":false},"author":1,"featured_media":0,"parent":0,"menu_order":0,"comment_status":"closed","ping_status":"closed","template":"","meta":{"_et_pb_use_builder":"on","_et_pb_old_content":"","_et_gb_content_width":"","footnotes":""},"_links":{"self":[{"href":"https:\/\/bullkites.com\/de\/wp-json\/wp\/v2\/pages\/1815"}],"collection":[{"href":"https:\/\/bullkites.com\/de\/wp-json\/wp\/v2\/pages"}],"about":[{"href":"https:\/\/bullkites.com\/de\/wp-json\/wp\/v2\/types\/page"}],"author":[{"embeddable":true,"href":"https:\/\/bullkites.com\/de\/wp-json\/wp\/v2\/users\/1"}],"replies":[{"embeddable":true,"href":"https:\/\/bullkites.com\/de\/wp-json\/wp\/v2\/comments?post=1815"}],"version-history":[{"count":16,"href":"https:\/\/bullkites.com\/de\/wp-json\/wp\/v2\/pages\/1815\/revisions"}],"predecessor-version":[{"id":2256,"href":"https:\/\/bullkites.com\/de\/wp-json\/wp\/v2\/pages\/1815\/revisions\/2256"}],"wp:attachment":[{"href":"https:\/\/bullkites.com\/de\/wp-json\/wp\/v2\/media?parent=1815"}],"curies":[{"name":"wp","href":"https:\/\/api.w.org\/{rel}","templated":true}]}}