{"id":1893,"date":"2023-01-12T17:25:28","date_gmt":"2023-01-12T17:25:28","guid":{"rendered":"http:\/\/bullkites.com\/drachen\/"},"modified":"2024-10-31T19:31:43","modified_gmt":"2024-10-31T19:31:43","slug":"drachen","status":"publish","type":"page","link":"https:\/\/bullkites.com\/de\/drachen\/","title":{"rendered":"Kites"},"content":{"rendered":"<p>[et_pb_section fb_built=&#8220;1&#8243; _builder_version=&#8220;4.25.0&#8243; _module_preset=&#8220;default&#8220; background_color=&#8220;rgba(0,0,0,0.45)&#8220; background_image=&#8220;https:\/\/bullkites.com\/wp-content\/uploads\/2024\/10\/Nakeds_red.jpg&#8220; background_position=&#8220;center_left&#8220; background_blend=&#8220;overlay&#8220; hover_enabled=&#8220;0&#8243; global_colors_info=&#8220;{}&#8220; title_text=&#8220;Nakeds_red&#8220; sticky_enabled=&#8220;0&#8243;][et_pb_row _builder_version=&#8220;4.19.4&#8243; _module_preset=&#8220;default&#8220; max_width=&#8220;1140px&#8220; custom_margin=&#8220;600px||||false|false&#8220; custom_padding=&#8220;6px||0px|||&#8220; global_colors_info=&#8220;{}&#8220;][et_pb_column type=&#8220;4_4&#8243; _builder_version=&#8220;4.19.4&#8243; _module_preset=&#8220;default&#8220; global_colors_info=&#8220;{}&#8220;][et_pb_text module_id=&#8220;heading-kite&#8220; _builder_version=&#8220;4.19.4&#8243; _module_preset=&#8220;default&#8220; text_font=&#8220;Open Sans||||||||&#8220; text_text_color=&#8220;#FFFFFF&#8220; header_font=&#8220;Open Sans|700|||||||&#8220; header_text_color=&#8220;#FFFFFF&#8220; header_font_size=&#8220;42px&#8220; custom_padding=&#8220;0px||0px||false|false&#8220; global_colors_info=&#8220;{}&#8220;]<\/p>\n<h1>Bull Kites<\/h1>\n<p class=\"performance\">Leistung<\/p>\n<p>[\/et_pb_text][\/et_pb_column][\/et_pb_row][\/et_pb_section][et_pb_section fb_built=&#8220;1&#8243; _builder_version=&#8220;4.19.4&#8243; _module_preset=&#8220;default&#8220; custom_padding=&#8220;90px||110px|||&#8220; global_colors_info=&#8220;{}&#8220;][et_pb_row column_structure=&#8220;1_4,1_4,1_4,1_4&#8243; use_custom_gutter=&#8220;on&#8220; gutter_width=&#8220;2&#8243; _builder_version=&#8220;4.19.4&#8243; _module_preset=&#8220;default&#8220; max_width=&#8220;1150px&#8220; custom_padding=&#8220;||||false|false&#8220; global_colors_info=&#8220;{}&#8220;][et_pb_column type=&#8220;1_4&#8243; _builder_version=&#8220;4.19.4&#8243; _module_preset=&#8220;default&#8220; custom_padding=&#8220;|0px||0px|false|false&#8220; global_colors_info=&#8220;{}&#8220;][et_pb_blurb title=&#8220;Naked&#8220; image=&#8220;https:\/\/bullkites.com\/wp-content\/uploads\/2024\/10\/Naked_frei.png&#8220; image_icon_width=&#8220;100%&#8220; module_id=&#8220;bk-naked-cat&#8220; _builder_version=&#8220;4.25.0&#8243; _dynamic_attributes=&#8220;link_option_url&#8220; _module_preset=&#8220;default&#8220; header_font=&#8220;Open Sans|700|||||||&#8220; header_text_color=&#8220;#000000&#8243; header_font_size=&#8220;20px&#8220; body_font=&#8220;Open Sans|600||on|||||&#8220; body_text_color=&#8220;#000000&#8243; body_letter_spacing=&#8220;2.5px&#8220; body_line_height=&#8220;2.5em&#8220; text_orientation=&#8220;center&#8220; custom_margin=&#8220;|0px|||false|false&#8220; link_option_url=&#8220;@ET-DC@eyJkeW5hbWljIjp0cnVlLCJjb250ZW50IjoicG9zdF9saW5rX3VybF9wcm9qZWN0Iiwic2V0dGluZ3MiOnsicG9zdF9pZCI6IjE4MyJ9fQ==@&#8220; global_colors_info=&#8220;{}&#8220;]<\/p>\n<p>WAVE \/ FOIL<br \/>FREERIDE<\/p>\n<p>[\/et_pb_blurb][\/et_pb_column][et_pb_column type=&#8220;1_4&#8243; _builder_version=&#8220;4.19.4&#8243; _module_preset=&#8220;default&#8220; custom_padding=&#8220;|0px||0px|false|false&#8220; global_colors_info=&#8220;{}&#8220;][et_pb_blurb title=&#8220;Naked Air&#8220; image=&#8220;https:\/\/bullkites.com\/wp-content\/uploads\/2024\/10\/NAi1.png&#8220; image_icon_width=&#8220;100%&#8220; module_id=&#8220;bk-naked-cat&#8220; _builder_version=&#8220;4.25.0&#8243; _dynamic_attributes=&#8220;link_option_url&#8220; _module_preset=&#8220;default&#8220; header_font=&#8220;Open Sans|700|||||||&#8220; header_text_color=&#8220;#000000&#8243; header_font_size=&#8220;20px&#8220; body_font=&#8220;Open Sans|600||on|||||&#8220; body_text_color=&#8220;#000000&#8243; body_letter_spacing=&#8220;2.5px&#8220; body_line_height=&#8220;2.5em&#8220; text_orientation=&#8220;center&#8220; link_option_url=&#8220;@ET-DC@eyJkeW5hbWljIjp0cnVlLCJjb250ZW50IjoicG9zdF9saW5rX3VybF9wcm9qZWN0Iiwic2V0dGluZ3MiOnsicG9zdF9pZCI6IjQ5NCJ9fQ==@&#8220; global_colors_info=&#8220;{}&#8220;]<\/p>\n<p>Strapless Freestyle<br \/>Wave\/Foil<\/p>\n<p>[\/et_pb_blurb][\/et_pb_column][et_pb_column type=&#8220;1_4&#8243; _builder_version=&#8220;4.19.4&#8243; _module_preset=&#8220;default&#8220; custom_padding=&#8220;|0px||0px|false|false&#8220; global_colors_info=&#8220;{}&#8220;][et_pb_blurb title=&#8220;Joker&#8220; image=&#8220;https:\/\/bullkites.com\/wp-content\/uploads\/2024\/10\/Joker-2.png&#8220; image_icon_width=&#8220;100%&#8220; module_id=&#8220;bk-naked-cat&#8220; _builder_version=&#8220;4.25.0&#8243; _dynamic_attributes=&#8220;link_option_url&#8220; _module_preset=&#8220;default&#8220; header_font=&#8220;Open Sans|700|||||||&#8220; header_text_color=&#8220;#000000&#8243; header_font_size=&#8220;20px&#8220; body_font=&#8220;Open Sans|600||on|||||&#8220; body_text_color=&#8220;#000000&#8243; body_letter_spacing=&#8220;2.5px&#8220; body_line_height=&#8220;2.5em&#8220; text_orientation=&#8220;center&#8220; link_option_url=&#8220;@ET-DC@eyJkeW5hbWljIjp0cnVlLCJjb250ZW50IjoicG9zdF9saW5rX3VybF9wcm9qZWN0Iiwic2V0dGluZ3MiOnsicG9zdF9pZCI6IjU1NyJ9fQ==@&#8220; global_colors_info=&#8220;{}&#8220;]<\/p>\n<p>Power Wave<br \/>Freeride \/ Freestyle<\/p>\n<p>Big Air<\/p>\n<p>&nbsp;<\/p>\n<p>[\/et_pb_blurb][\/et_pb_column][et_pb_column type=&#8220;1_4&#8243; _builder_version=&#8220;4.19.4&#8243; _module_preset=&#8220;default&#8220; custom_padding=&#8220;|0px||0px|false|false&#8220; global_colors_info=&#8220;{}&#8220;][et_pb_blurb title=&#8220;ZigZag&#8220; image=&#8220;https:\/\/bullkites.com\/wp-content\/uploads\/2024\/10\/ZigZag.png&#8220; image_icon_width=&#8220;100%&#8220; module_id=&#8220;bk-naked-cat&#8220; _builder_version=&#8220;4.25.0&#8243; _dynamic_attributes=&#8220;link_option_url&#8220; _module_preset=&#8220;default&#8220; header_font=&#8220;Open Sans|700|||||||&#8220; header_text_color=&#8220;#000000&#8243; header_font_size=&#8220;20px&#8220; body_font=&#8220;Open Sans|600||on|||||&#8220; body_text_color=&#8220;#000000&#8243; body_letter_spacing=&#8220;2.5px&#8220; body_line_height=&#8220;2.5em&#8220; text_orientation=&#8220;center&#8220; custom_margin=&#8220;||||false|false&#8220; link_option_url=&#8220;@ET-DC@eyJkeW5hbWljIjp0cnVlLCJjb250ZW50IjoicG9zdF9saW5rX3VybF9wcm9qZWN0Iiwic2V0dGluZ3MiOnsicG9zdF9pZCI6Ijc4MSJ9fQ==@&#8220; global_colors_info=&#8220;{}&#8220;]<\/p>\n<p>Allround Freeride<br \/>Freeride \/ Freestyle<\/p>\n<p>[\/et_pb_blurb][\/et_pb_column][\/et_pb_row][\/et_pb_section][et_pb_section fb_built=&#8220;1&#8243; _builder_version=&#8220;4.19.4&#8243; _module_preset=&#8220;default&#8220; custom_padding=&#8220;96px||128px||false|false&#8220; global_colors_info=&#8220;{}&#8220;][et_pb_row _builder_version=&#8220;4.19.4&#8243; _module_preset=&#8220;default&#8220; max_width=&#8220;1150px&#8220; custom_padding=&#8220;0px||0px||false|false&#8220; global_colors_info=&#8220;{}&#8220;][et_pb_column type=&#8220;4_4&#8243; _builder_version=&#8220;4.19.4&#8243; _module_preset=&#8220;default&#8220; global_colors_info=&#8220;{}&#8220;][et_pb_text _builder_version=&#8220;4.19.4&#8243; _module_preset=&#8220;default&#8220; header_2_font=&#8220;Open Sans|600|||||||&#8220; header_2_text_align=&#8220;center&#8220; header_2_text_color=&#8220;#000000&#8243; header_2_font_size=&#8220;36px&#8220; custom_margin=&#8220;||75px||false|false&#8220; global_colors_info=&#8220;{}&#8220;]<\/p>\n<h2><span>Kontrolliere den Stier<\/span><\/h2>\n<p>[\/et_pb_text][\/et_pb_column][\/et_pb_row][et_pb_row column_structure=&#8220;1_4,1_4,1_4,1_4&#8243; use_custom_gutter=&#8220;on&#8220; gutter_width=&#8220;2&#8243; _builder_version=&#8220;4.19.4&#8243; _module_preset=&#8220;default&#8220; max_width=&#8220;1150px&#8220; custom_padding=&#8220;0px||0px||false|false&#8220; global_colors_info=&#8220;{}&#8220;][et_pb_column type=&#8220;1_4&#8243; _builder_version=&#8220;4.19.4&#8243; _module_preset=&#8220;default&#8220; global_colors_info=&#8220;{}&#8220;][\/et_pb_column][et_pb_column type=&#8220;1_4&#8243; _builder_version=&#8220;4.19.4&#8243; _module_preset=&#8220;default&#8220; global_colors_info=&#8220;{}&#8220;][et_pb_blurb title=&#8220;Power Bar Wave&#8220; image=&#8220;https:\/\/bullkites.com\/wp-content\/uploads\/2023\/02\/bar_btb.png&#8220; image_icon_width=&#8220;100%&#8220; module_id=&#8220;bk-naked-cat&#8220; _builder_version=&#8220;4.19.4&#8243; _dynamic_attributes=&#8220;link_option_url&#8220; _module_preset=&#8220;default&#8220; header_font=&#8220;Open Sans|700|||||||&#8220; header_text_color=&#8220;#000000&#8243; header_font_size=&#8220;20px&#8220; body_font=&#8220;Open Sans|600||on|||||&#8220; body_text_color=&#8220;#000000&#8243; body_letter_spacing=&#8220;2.5px&#8220; body_line_height=&#8220;2.5em&#8220; text_orientation=&#8220;center&#8220; link_option_url=&#8220;@ET-DC@eyJkeW5hbWljIjp0cnVlLCJjb250ZW50IjoicG9zdF9saW5rX3VybF9wcm9qZWN0Iiwic2V0dGluZ3MiOnsicG9zdF9pZCI6Ijg1OSJ9fQ==@&#8220; global_colors_info=&#8220;{}&#8220;]<\/p>\n<p>Below-the-Bar-Trim<\/p>\n<p>[\/et_pb_blurb][\/et_pb_column][et_pb_column type=&#8220;1_4&#8243; _builder_version=&#8220;4.19.4&#8243; _module_preset=&#8220;default&#8220; global_colors_info=&#8220;{}&#8220;][et_pb_blurb title=&#8220;Power Bar&#8220; image=&#8220;https:\/\/bullkites.com\/wp-content\/uploads\/2023\/02\/bar_atb.png&#8220; image_icon_width=&#8220;100%&#8220; module_id=&#8220;bk-naked-cat&#8220; _builder_version=&#8220;4.19.4&#8243; _dynamic_attributes=&#8220;link_option_url&#8220; _module_preset=&#8220;default&#8220; header_font=&#8220;Open Sans|700|||||||&#8220; header_text_color=&#8220;#000000&#8243; header_font_size=&#8220;20px&#8220; body_font=&#8220;Open Sans|600||on|||||&#8220; body_text_color=&#8220;#000000&#8243; body_letter_spacing=&#8220;2.5px&#8220; body_line_height=&#8220;2.5em&#8220; text_orientation=&#8220;center&#8220; link_option_url=&#8220;@ET-DC@eyJkeW5hbWljIjp0cnVlLCJjb250ZW50IjoicG9zdF9saW5rX3VybF9wcm9qZWN0Iiwic2V0dGluZ3MiOnsicG9zdF9pZCI6IjkyMCJ9fQ==@&#8220; global_colors_info=&#8220;{}&#8220;]<\/p>\n<p>Above-the-Bar-Trim<\/p>\n<p>[\/et_pb_blurb][\/et_pb_column][et_pb_column type=&#8220;1_4&#8243; _builder_version=&#8220;4.19.4&#8243; _module_preset=&#8220;default&#8220; global_colors_info=&#8220;{}&#8220;][\/et_pb_column][\/et_pb_row][\/et_pb_section][et_pb_section fb_built=&#8220;1&#8243; _builder_version=&#8220;4.19.4&#8243; _module_preset=&#8220;default&#8220; background_image=&#8220;https:\/\/bullkites.com\/wp-content\/uploads\/2023\/01\/dark_waves_3a2358c6.jpg&#8220; custom_padding=&#8220;128px||128px||false|false&#8220; global_colors_info=&#8220;{}&#8220;][et_pb_row _builder_version=&#8220;4.19.4&#8243; _module_preset=&#8220;default&#8220; max_width=&#8220;1150px&#8220; custom_padding=&#8220;0px||75px||false|false&#8220; global_colors_info=&#8220;{}&#8220;][et_pb_column type=&#8220;4_4&#8243; _builder_version=&#8220;4.19.4&#8243; _module_preset=&#8220;default&#8220; global_colors_info=&#8220;{}&#8220;][et_pb_text _builder_version=&#8220;4.19.4&#8243; _module_preset=&#8220;default&#8220; header_2_font=&#8220;Open Sans|600|||||||&#8220; header_2_text_align=&#8220;center&#8220; header_2_text_color=&#8220;#FFFFFF&#8220; header_2_font_size=&#8220;36px&#8220; header_2_line_height=&#8220;1.2em&#8220; global_colors_info=&#8220;{}&#8220;]<\/p>\n<h2><span>Bull Kites konzentriert sich strikt auf <br \/>Aerodynamische Leistung und Qualit\u00e4t<\/span><\/h2>\n<p>[\/et_pb_text][\/et_pb_column][\/et_pb_row][et_pb_row column_structure=&#8220;1_3,1_3,1_3&#8243; use_custom_gutter=&#8220;on&#8220; gutter_width=&#8220;2&#8243; _builder_version=&#8220;4.19.4&#8243; _module_preset=&#8220;default&#8220; max_width=&#8220;1150px&#8220; custom_padding=&#8220;0px||26px||false|false&#8220; global_colors_info=&#8220;{}&#8220;][et_pb_column type=&#8220;1_3&#8243; _builder_version=&#8220;4.19.4&#8243; _module_preset=&#8220;default&#8220; global_colors_info=&#8220;{}&#8220;][et_pb_text _builder_version=&#8220;4.19.4&#8243; _module_preset=&#8220;default&#8220; header_3_font=&#8220;Open Sans|700||on|||||&#8220; header_3_text_align=&#8220;center&#8220; header_3_text_color=&#8220;#FFFFFF&#8220; header_3_font_size=&#8220;20px&#8220; header_3_letter_spacing=&#8220;2.4px&#8220; custom_margin=&#8220;0px||10px||false|false&#8220; global_colors_info=&#8220;{}&#8220;]<\/p>\n<h3><span>3D-modelliert<\/span><\/h3>\n<p>[\/et_pb_text][et_pb_text _builder_version=&#8220;4.19.4&#8243; _module_preset=&#8220;default&#8220; text_font=&#8220;Open Sans||||||||&#8220; text_text_color=&#8220;#FFFFFF&#8220; text_font_size=&#8220;16px&#8220; text_line_height=&#8220;1.5em&#8220; text_orientation=&#8220;center&#8220; global_colors_info=&#8220;{}&#8220;]<\/p>\n<p><span>Wir verwenden modernste wissenschaftliche Methoden, 3D-Modelle und Computersimulationen.<\/span><\/p>\n<p>[\/et_pb_text][\/et_pb_column][et_pb_column type=&#8220;1_3&#8243; _builder_version=&#8220;4.19.4&#8243; _module_preset=&#8220;default&#8220; global_colors_info=&#8220;{}&#8220;][et_pb_text _builder_version=&#8220;4.25.0&#8243; _module_preset=&#8220;default&#8220; header_3_font=&#8220;Open Sans|700||on|||||&#8220; header_3_text_align=&#8220;center&#8220; header_3_text_color=&#8220;#FFFFFF&#8220; header_3_font_size=&#8220;20px&#8220; header_3_letter_spacing=&#8220;2.4px&#8220; custom_margin=&#8220;0px||10px||false|false&#8220; global_colors_info=&#8220;{}&#8220;]<\/p>\n<h3><span>CAD-Abwicklung<\/span><\/h3>\n<p>[\/et_pb_text][et_pb_text _builder_version=&#8220;4.19.4&#8243; _module_preset=&#8220;default&#8220; text_font=&#8220;Open Sans||||||||&#8220; text_text_color=&#8220;#FFFFFF&#8220; text_font_size=&#8220;16px&#8220; text_line_height=&#8220;1.5em&#8220; text_orientation=&#8220;center&#8220; global_colors_info=&#8220;{}&#8220;]<\/p>\n<p><span>Unverf\u00e4lschte \u00dcbertragung von 3D-Modellen auf Schnittpl\u00e4ne mit Hilfe moderner Projektionssoftware.<\/span><\/p>\n<p>[\/et_pb_text][\/et_pb_column][et_pb_column type=&#8220;1_3&#8243; _builder_version=&#8220;4.19.4&#8243; _module_preset=&#8220;default&#8220; global_colors_info=&#8220;{}&#8220;][et_pb_text _builder_version=&#8220;4.25.0&#8243; _module_preset=&#8220;default&#8220; header_3_font=&#8220;Open Sans|700||on|||||&#8220; header_3_text_align=&#8220;center&#8220; header_3_text_color=&#8220;#FFFFFF&#8220; header_3_font_size=&#8220;20px&#8220; header_3_letter_spacing=&#8220;2.4px&#8220; custom_margin=&#8220;0px||10px||false|false&#8220; global_colors_info=&#8220;{}&#8220;]<\/p>\n<h3><span>CNC-Zuschnitt<\/span><\/h3>\n<p>[\/et_pb_text][et_pb_text _builder_version=&#8220;4.19.4&#8243; _module_preset=&#8220;default&#8220; text_font=&#8220;Open Sans||||||||&#8220; text_text_color=&#8220;#FFFFFF&#8220; text_font_size=&#8220;16px&#8220; text_line_height=&#8220;1.5em&#8220; text_orientation=&#8220;center&#8220; global_colors_info=&#8220;{}&#8220;]<\/p>\n<p><span>Der hochpr\u00e4zise Roboterschnitt mit CNC-Plotter und Cutter gew\u00e4hrleistet eine stabile Produktqualit\u00e4t.<\/span><\/p>\n<p>[\/et_pb_text][\/et_pb_column][\/et_pb_row][\/et_pb_section]<\/p>\n","protected":false},"excerpt":{"rendered":"<p>Bull Kites LeistungWAVE \/ FOILFREERIDEStrapless FreestyleWave\/FoilPower WaveFreeride \/ Freestyle Big Air &nbsp;Allround FreerideFreeride \/ FreestyleKontrolliere den StierBelow-the-Bar-TrimAbove-the-Bar-TrimBull Kites konzentriert sich strikt auf Aerodynamische Leistung und Qualit\u00e4t3D-modelliertWir verwenden modernste wissenschaftliche Methoden, 3D-Modelle und Computersimulationen.CAD-AbwicklungUnverf\u00e4lschte \u00dcbertragung von 3D-Modellen auf Schnittpl\u00e4ne mit Hilfe moderner Projektionssoftware.CNC-ZuschnittDer hochpr\u00e4zise Roboterschnitt mit CNC-Plotter und Cutter gew\u00e4hrleistet eine stabile Produktqualit\u00e4t.<\/p>\n","protected":false},"author":1,"featured_media":0,"parent":0,"menu_order":0,"comment_status":"closed","ping_status":"closed","template":"","meta":{"_et_pb_use_builder":"on","_et_pb_old_content":"","_et_gb_content_width":"","footnotes":""},"_links":{"self":[{"href":"https:\/\/bullkites.com\/de\/wp-json\/wp\/v2\/pages\/1893"}],"collection":[{"href":"https:\/\/bullkites.com\/de\/wp-json\/wp\/v2\/pages"}],"about":[{"href":"https:\/\/bullkites.com\/de\/wp-json\/wp\/v2\/types\/page"}],"author":[{"embeddable":true,"href":"https:\/\/bullkites.com\/de\/wp-json\/wp\/v2\/users\/1"}],"replies":[{"embeddable":true,"href":"https:\/\/bullkites.com\/de\/wp-json\/wp\/v2\/comments?post=1893"}],"version-history":[{"count":14,"href":"https:\/\/bullkites.com\/de\/wp-json\/wp\/v2\/pages\/1893\/revisions"}],"predecessor-version":[{"id":2418,"href":"https:\/\/bullkites.com\/de\/wp-json\/wp\/v2\/pages\/1893\/revisions\/2418"}],"wp:attachment":[{"href":"https:\/\/bullkites.com\/de\/wp-json\/wp\/v2\/media?parent=1893"}],"curies":[{"name":"wp","href":"https:\/\/api.w.org\/{rel}","templated":true}]}}