{"id":1823,"date":"2023-01-12T17:28:21","date_gmt":"2023-01-12T17:28:21","guid":{"rendered":"http:\/\/bullkites.com\/acerca-de\/"},"modified":"2023-04-27T09:15:39","modified_gmt":"2023-04-27T09:15:39","slug":"acerca-de","status":"publish","type":"page","link":"https:\/\/bullkites.com\/es\/acerca-de\/","title":{"rendered":"Acerca de"},"content":{"rendered":"<p>[et_pb_section fb_built=\u00bb1&#8243; custom_padding_last_edited=\u00bboff|desktop\u00bb _builder_version=\u00bb4.19.4&#8243; _module_preset=\u00bbdefault\u00bb background_color=\u00bbrgba(0,0,0,0.45)\u00bb background_image=\u00bbhttps:\/\/bullkites.com\/wp-content\/uploads\/2023\/02\/About-Keyvisual.jpg\u00bb background_blend=\u00bboverlay\u00bb hover_enabled=\u00bb0&#8243; locked=\u00bboff\u00bb global_colors_info=\u00bb{}\u00bb title_text=\u00bbAbout Header Keyvisual\u00bb sticky_enabled=\u00bb0&#8243;][et_pb_row custom_padding_last_edited=\u00bbon|desktop\u00bb module_id=\u00bbabout\u00bb _builder_version=\u00bb4.19.4&#8243; _module_preset=\u00bbdefault\u00bb width=\u00bb100%\u00bb max_width=\u00bb1140px\u00bb custom_margin=\u00bb400px||||false|false\u00bb custom_margin_tablet=\u00bb120px||||false|false\u00bb custom_margin_phone=\u00bb120px||||false|false\u00bb custom_margin_last_edited=\u00bbon|tablet\u00bb custom_padding=\u00bb6px||0px|95px|false|false\u00bb custom_padding_tablet=\u00bb|||20px|false|false\u00bb custom_padding_phone=\u00bb|||20px|false|false\u00bb global_colors_info=\u00bb{}\u00bb][et_pb_column type=\u00bb4_4&#8243; _builder_version=\u00bb4.19.4&#8243; _module_preset=\u00bbdefault\u00bb global_colors_info=\u00bb{}\u00bb][et_pb_text module_id=\u00bbheading-kite\u00bb _builder_version=\u00bb4.19.4&#8243; _module_preset=\u00bbdefault\u00bb text_font=\u00bbOpen Sans||||||||\u00bb text_text_color=\u00bb#FFFFFF\u00bb header_font=\u00bbOpen Sans|700|||||||\u00bb header_text_color=\u00bb#FFFFFF\u00bb header_font_size=\u00bb48px\u00bb header_line_height=\u00bb1.2em\u00bb custom_padding=\u00bb0px||0px||false|false\u00bb header_font_size_tablet=\u00bb42px\u00bb header_font_size_phone=\u00bb42px\u00bb header_font_size_last_edited=\u00bbon|tablet\u00bb global_colors_info=\u00bb{}\u00bb]<\/p>\n<h1>Pasi\u00f3n por el viento y el agua<\/h1>\n<p class=\"performance\">DESDE 1994<\/p>\n<p>[\/et_pb_text][\/et_pb_column][\/et_pb_row][\/et_pb_section][et_pb_section fb_built=\u00bb1&#8243; custom_padding_last_edited=\u00bboff|desktop\u00bb _builder_version=\u00bb4.19.4&#8243; _module_preset=\u00bbdefault\u00bb global_colors_info=\u00bb{}\u00bb][et_pb_row custom_padding_last_edited=\u00bbon|phone\u00bb _builder_version=\u00bb4.19.4&#8243; _module_preset=\u00bbdefault\u00bb width_tablet=\u00bb100%\u00bb width_phone=\u00bb100%\u00bb width_last_edited=\u00bbon|tablet\u00bb max_width=\u00bb1140px\u00bb custom_margin=\u00bb||||false|false\u00bb custom_margin_tablet=\u00bb|0px||0px|false|false\u00bb custom_margin_phone=\u00bb|0px||0px|false|false\u00bb custom_margin_last_edited=\u00bbon|desktop\u00bb custom_padding=\u00bb|246px||95px|false|false\u00bb custom_padding_tablet=\u00bb|20px||20px|false|false\u00bb custom_padding_phone=\u00bb|20px||20px|false|false\u00bb global_colors_info=\u00bb{}\u00bb][et_pb_column type=\u00bb4_4&#8243; _builder_version=\u00bb4.19.4&#8243; _module_preset=\u00bbdefault\u00bb global_colors_info=\u00bb{}\u00bb][et_pb_text _builder_version=\u00bb4.19.4&#8243; _module_preset=\u00bbdefault\u00bb header_text_align=\u00bbleft\u00bb header_2_font=\u00bbOpen Sans|600|||||||\u00bb header_2_text_align=\u00bbleft\u00bb header_2_text_color=\u00bb#000000&#8243; header_2_font_size=\u00bb36px\u00bb header_2_line_height=\u00bb1.2em\u00bb locked=\u00bboff\u00bb global_colors_info=\u00bb{}\u00bb]<\/p>\n<h2>Calderero, aficionado, inventor y t\u00e9cnico en cuerpo y alma.<\/h2>\n<p>[\/et_pb_text][et_pb_text _builder_version=\u00bb4.19.4&#8243; _module_preset=\u00bbdefault\u00bb header_line_height=\u00bb1.5em\u00bb header_2_text_color=\u00bb#000000&#8243; header_2_font_size=\u00bb36px\u00bb header_5_font=\u00bb|600|||||||\u00bb header_5_text_color=\u00bb#000000&#8243; header_5_font_size=\u00bb20px\u00bb header_5_line_height=\u00bb1.5em\u00bb custom_margin=\u00bb||1em||false|false\u00bb global_colors_info=\u00bb{}\u00bb]<\/p>\n<h5><span>Max Ziegler, ingeniero mec\u00e1nico de formaci\u00f3n, navegante, windsurfista, surfista y kiter desde tiempos inmemoriales. Con 23 realizados de forma independiente. Practic\u00f3 surf en todos los spots del mundo, duro adicto al trabajo y fan\u00e1tico de los deportes acu\u00e1ticos. Max vive con Ana, su hijo Lukas y su gata Lola en Tarifa.<\/span><\/h5>\n<p>[\/et_pb_text][et_pb_text _builder_version=\u00bb4.19.4&#8243; _module_preset=\u00bbdefault\u00bb text_text_color=\u00bb#000000&#8243; text_font_size=\u00bb16px\u00bb global_colors_info=\u00bb{}\u00bb]<\/p>\n<p>Naci\u00f3 en 1996 a partir de la empresa de fabricaci\u00f3n de velas South End Sails, en la que ya operaba el miembro fundador de BULL, Max Ziegler. Tanto entonces como ahora, Bull se centra en el windsurf, el kitesurf (desde 2001) y el surf. El largo trabajo de desarrollo, realizado tambi\u00e9n para otras empresas, ha adquirido una posici\u00f3n clave para el proyectoBull. La investigaci\u00f3n y el desarrollo, tanto en el campo te\u00f3rico como en el pr\u00e1ctico, siguen siendo nuestra principal competencia. Para dise\u00f1ar nuestros productos se utiliza un software 3D de \u00faltima generaci\u00f3n, junto con un amplio parque de maquinaria. Por ello, en nuestra f\u00e1brica de Asia podemos fabricar innumerables prototipos, productos individuales, peque\u00f1as series y producci\u00f3n en serie.<\/p>\n<p>Todo lo relativo a los deportes n\u00e1uticos evolucion\u00f3 con el tiempo hacia nuevas actividades. As\u00ed que hoy, en nuestra sede de Tarifa, ofrecemos tambi\u00e9n un servicio de reparaci\u00f3n de cometas, velas, tablas y accesorios, una escuela de kite y surf modernamente equipada y abierta todo el a\u00f1o, as\u00ed como una amplia tienda con todo tipo de componentes de kite, windsurf, surf y SUP. Nuestras propias colecciones de art\u00edculos de playa completan la oferta para los clientes m\u00e1s preocupados por la moda.<\/p>\n<p>\u00bfNo tiene tiempo para venir a Tarifa? Haga clic aqu\u00ed para visitar nuestra<a href=\"https:\/\/www.bullonshop.com\/\" target=\"_blank\" rel=\"noopener\"> tienda en l\u00ednea de Bull<\/a>.<\/p>\n<p>[\/et_pb_text][\/et_pb_column][\/et_pb_row][\/et_pb_section]<\/p>\n","protected":false},"excerpt":{"rendered":"<p>Pasi\u00f3n por el viento y el agua DESDE 1994Calderero, aficionado, inventor y t\u00e9cnico en cuerpo y alma.Max Ziegler, ingeniero mec\u00e1nico de formaci\u00f3n, navegante, windsurfista, surfista y kiter desde tiempos inmemoriales. Con 23 realizados de forma independiente. Practic\u00f3 surf en todos los spots del mundo, duro adicto al trabajo y fan\u00e1tico de los deportes acu\u00e1ticos. Max [&hellip;]<\/p>\n","protected":false},"author":1,"featured_media":0,"parent":0,"menu_order":0,"comment_status":"closed","ping_status":"closed","template":"","meta":{"_et_pb_use_builder":"on","_et_pb_old_content":"","_et_gb_content_width":"","footnotes":""},"_links":{"self":[{"href":"https:\/\/bullkites.com\/es\/wp-json\/wp\/v2\/pages\/1823"}],"collection":[{"href":"https:\/\/bullkites.com\/es\/wp-json\/wp\/v2\/pages"}],"about":[{"href":"https:\/\/bullkites.com\/es\/wp-json\/wp\/v2\/types\/page"}],"author":[{"embeddable":true,"href":"https:\/\/bullkites.com\/es\/wp-json\/wp\/v2\/users\/1"}],"replies":[{"embeddable":true,"href":"https:\/\/bullkites.com\/es\/wp-json\/wp\/v2\/comments?post=1823"}],"version-history":[{"count":11,"href":"https:\/\/bullkites.com\/es\/wp-json\/wp\/v2\/pages\/1823\/revisions"}],"predecessor-version":[{"id":1896,"href":"https:\/\/bullkites.com\/es\/wp-json\/wp\/v2\/pages\/1823\/revisions\/1896"}],"wp:attachment":[{"href":"https:\/\/bullkites.com\/es\/wp-json\/wp\/v2\/media?parent=1823"}],"curies":[{"name":"wp","href":"https:\/\/api.w.org\/{rel}","templated":true}]}}