{"id":1858,"date":"2023-01-18T04:52:52","date_gmt":"2023-01-18T04:52:52","guid":{"rendered":"http:\/\/bullkites.com\/impresionante\/"},"modified":"2023-04-27T09:15:43","modified_gmt":"2023-04-27T09:15:43","slug":"impresionante","status":"publish","type":"page","link":"https:\/\/bullkites.com\/es\/impresionante\/","title":{"rendered":"Impresionante"},"content":{"rendered":"<p>[et_pb_section fb_built=\u00bb1&#8243; custom_padding_last_edited=\u00bboff|desktop\u00bb _builder_version=\u00bb4.19.4&#8243; _module_preset=\u00bbdefault\u00bb locked=\u00bboff\u00bb global_colors_info=\u00bb{}\u00bb][et_pb_row custom_padding_last_edited=\u00bbon|desktop\u00bb _builder_version=\u00bb4.19.4&#8243; _module_preset=\u00bbdefault\u00bb width_tablet=\u00bb100%\u00bb width_phone=\u00bb100%\u00bb width_last_edited=\u00bbon|tablet\u00bb max_width=\u00bb800px\u00bb custom_margin=\u00bb||||false|false\u00bb custom_margin_tablet=\u00bb|0px||0px|false|false\u00bb custom_margin_phone=\u00bb|0px||0px|false|false\u00bb custom_margin_last_edited=\u00bbon|desktop\u00bb custom_padding=\u00bb90px||80px||false|false\u00bb custom_padding_tablet=\u00bb40px|20px|40px|20px|false|false\u00bb custom_padding_phone=\u00bb20px|20px|20px|20px|false|false\u00bb hover_enabled=\u00bb0&#8243; global_colors_info=\u00bb{}\u00bb sticky_enabled=\u00bb0&#8243;][et_pb_column type=\u00bb4_4&#8243; _builder_version=\u00bb4.19.4&#8243; _module_preset=\u00bbdefault\u00bb global_colors_info=\u00bb{}\u00bb][et_pb_text _builder_version=\u00bb4.19.4&#8243; _module_preset=\u00bbdefault\u00bb header_font=\u00bb|700|||||||\u00bb header_text_align=\u00bbleft\u00bb header_text_color=\u00bb#000000&#8243; header_font_size=\u00bb48px\u00bb header_2_font=\u00bbOpen Sans|600|||||||\u00bb header_2_text_align=\u00bbleft\u00bb header_2_text_color=\u00bb#000000&#8243; header_2_font_size=\u00bb48px\u00bb header_2_line_height=\u00bb1.2em\u00bb custom_padding=\u00bb||65px||false|false\u00bb custom_padding_tablet=\u00bb||65px||false|false\u00bb custom_padding_phone=\u00bb||10px||false|false\u00bb custom_padding_last_edited=\u00bbon|phone\u00bb locked=\u00bboff\u00bb global_colors_info=\u00bb{}\u00bb]<\/p>\n<h1 style=\"text-align: center;\">Impresionante<\/h1>\n<p>[\/et_pb_text][et_pb_text _builder_version=\u00bb4.19.4&#8243; _module_preset=\u00bbdefault\u00bb text_text_color=\u00bb#000000&#8243; text_font_size=\u00bb16px\u00bb global_colors_info=\u00bb{}\u00bb]<\/p>\n<p>Bull Tarifa Sails Kite Factory S.L.<br \/>c\/Braille 22<br \/>11380 Tarifa (C\u00e1diz)<br \/>Espa\u00f1a<\/p>\n<p>Tel\u00e9fono: +34 956 680459<br \/>Correo electr\u00f3nico: info@bullsails.com<br \/>Responsable de la p\u00e1gina web:<br \/>Bull Tarfia Sails &amp; Kite Factory S.L.<\/p>\n<p>Este sello tambi\u00e9n se aplica a los perfiles de Socialmedia;<br \/>Facebook, Youtube e Instagram.<\/p>\n<p>Agencia Tributaria: A.E.A.T. Administracion Hacienda de Algeciras<br \/>Registro mercantil: B72076508<br \/>N\u00famero de identificaci\u00f3n fiscal: ESB72076508<br \/>Forma jur\u00eddica: S.L.<br \/>Ubicaci\u00f3n del tribunal: Algecira<\/p>\n<p><a href=\"http:\/\/bull.nilssanders.studio\/wp-content\/uploads\/2020\/04\/E_B_Bullkites_Website_Datenschutzhinweis.pdf\" target=\"_blank\" rel=\"noopener\">Pol\u00edtica de privacidad<\/a><br \/><a href=\"http:\/\/bull.nilssanders.studio\/wp-content\/uploads\/2020\/04\/E_B_Datenschutzinformation_fuer_Kunden.pdf\" target=\"_blank\" rel=\"noopener\">Informaci\u00f3n sobre privacidad para clientes<\/a><br \/><a href=\"http:\/\/bull.nilssanders.studio\/wp-content\/uploads\/2020\/04\/E_B_Newsletter_Informationsblatt.pdf\" target=\"_blank\" rel=\"noopener\">Hoja informativa para boletines<\/a><\/p>\n<p>[\/et_pb_text][\/et_pb_column][\/et_pb_row][\/et_pb_section]<\/p>\n","protected":false},"excerpt":{"rendered":"<p>ImpresionanteBull Tarifa Sails Kite Factory S.L.c\/Braille 2211380 Tarifa (C\u00e1diz)Espa\u00f1a Tel\u00e9fono: +34 956 680459Correo electr\u00f3nico: info@bullsails.comResponsable de la p\u00e1gina web:Bull Tarfia Sails &amp; Kite Factory S.L. Este sello tambi\u00e9n se aplica a los perfiles de Socialmedia;Facebook, Youtube e Instagram. Agencia Tributaria: A.E.A.T. Administracion Hacienda de AlgecirasRegistro mercantil: B72076508N\u00famero de identificaci\u00f3n fiscal: ESB72076508Forma jur\u00eddica: S.L.Ubicaci\u00f3n del tribunal: [&hellip;]<\/p>\n","protected":false},"author":2,"featured_media":0,"parent":0,"menu_order":0,"comment_status":"closed","ping_status":"closed","template":"","meta":{"_et_pb_use_builder":"on","_et_pb_old_content":"","_et_gb_content_width":"","footnotes":""},"_links":{"self":[{"href":"https:\/\/bullkites.com\/es\/wp-json\/wp\/v2\/pages\/1858"}],"collection":[{"href":"https:\/\/bullkites.com\/es\/wp-json\/wp\/v2\/pages"}],"about":[{"href":"https:\/\/bullkites.com\/es\/wp-json\/wp\/v2\/types\/page"}],"author":[{"embeddable":true,"href":"https:\/\/bullkites.com\/es\/wp-json\/wp\/v2\/users\/2"}],"replies":[{"embeddable":true,"href":"https:\/\/bullkites.com\/es\/wp-json\/wp\/v2\/comments?post=1858"}],"version-history":[{"count":4,"href":"https:\/\/bullkites.com\/es\/wp-json\/wp\/v2\/pages\/1858\/revisions"}],"predecessor-version":[{"id":1918,"href":"https:\/\/bullkites.com\/es\/wp-json\/wp\/v2\/pages\/1858\/revisions\/1918"}],"wp:attachment":[{"href":"https:\/\/bullkites.com\/es\/wp-json\/wp\/v2\/media?parent=1858"}],"curies":[{"name":"wp","href":"https:\/\/api.w.org\/{rel}","templated":true}]}}