{"id":1793,"date":"2023-01-12T16:40:22","date_gmt":"2023-01-12T16:40:22","guid":{"rendered":"http:\/\/bullkites.com\/inizio\/"},"modified":"2025-05-03T12:44:05","modified_gmt":"2025-05-03T12:44:05","slug":"inizio","status":"publish","type":"page","link":"https:\/\/bullkites.com\/it\/","title":{"rendered":"Inizio"},"content":{"rendered":"<p>[et_pb_section fb_built=&#8221;1&#8243; fullwidth=&#8221;on&#8221; _builder_version=&#8221;4.19.4&#8243; _module_preset=&#8221;default&#8221; global_colors_info=&#8221;{}&#8221;][et_pb_fullwidth_header title=&#8221;Semplicemente efficiente 2025&#8243; text_orientation=&#8221;right&#8221; header_fullscreen=&#8221;on&#8221; button_one_text=&#8221;Esplora i nostri prodotti&#8221; button_one_url=&#8221;#products&#8221; _builder_version=&#8221;4.19.4&#8243; _module_preset=&#8221;default&#8221; background_image=&#8221;https:\/\/bullkites.com\/wp-content\/uploads\/2023\/01\/bullkites-kitesurfer-with-waveboard.jpg&#8221; parallax=&#8221;on&#8221; global_colors_info=&#8221;{}&#8221;]<\/p>\n<p>La semplicit\u00e0 non \u00e8 scontata. \u00c8 una conquista, un&#8217;invenzione umana,<\/p>\n<p>una scoperta, una convinzione amata. &#8211; William H. Gass, Trovare una forma<\/p>\n<p>[\/et_pb_fullwidth_header][\/et_pb_section][et_pb_section fb_built=&#8221;1&#8243; module_id=&#8221;prodotti&#8221; _builder_version=&#8221;4.19.4&#8243; _module_preset=&#8221;default&#8221; global_colors_info=&#8221;{}&#8221;][et_pb_row _builder_version=&#8221;4.19.4&#8243; _module_preset=&#8221;default&#8221; global_colors_info=&#8221;{}&#8221;][et_pb_column type=&#8221;4_4&#8243; _builder_version=&#8221;4.19.4&#8243; _module_preset=&#8221;default&#8221; global_colors_info=&#8221;{}&#8221;][et_pb_text _builder_version=&#8221;4.19.4&#8243; _module_preset=&#8221;default&#8221; text_orientation=&#8221;center&#8221; global_colors_info=&#8221;{}&#8221;]<\/p>\n<h2>Bull Kites and Sails offre ai kiter e ai windsurfer ambiziosi i pi\u00f9 recenti progressi della tecnica.<\/h2>\n<p>[\/et_pb_text][\/et_pb_column][\/et_pb_row][et_pb_row column_structure=&#8221;1_3,1_3,1_3&#8243; _builder_version=&#8221;4.19.4&#8243; _module_preset=&#8221;default&#8221; global_colors_info=&#8221;{}&#8221;][et_pb_column type=&#8221;1_3&#8243; _builder_version=&#8221;4.19.4&#8243; _module_preset=&#8221;default&#8221; global_colors_info=&#8221;{}&#8221;][et_pb_blurb title=&#8221;Aquiloni&#8221; url=&#8221;https:\/\/bullkites.com\/it\/aquiloni\/&#8221; image=&#8221;https:\/\/bullkites.com\/wp-content\/uploads\/2023\/01\/Bullkites-Frontpage-Kites.jpg&#8221; module_id=&#8221;advancement-img&#8221; _builder_version=&#8221;4.19.4&#8243; _module_preset=&#8221;default&#8221; text_orientation=&#8221;center&#8221; global_colors_info=&#8221;{}&#8221;][\/et_pb_blurb][\/et_pb_column][et_pb_column type=&#8221;1_3&#8243; _builder_version=&#8221;4.19.4&#8243; _module_preset=&#8221;default&#8221; global_colors_info=&#8221;{}&#8221;][et_pb_blurb title=&#8221;Kiteboard&#8221; url=&#8221;https:\/\/bullkites.com\/it\/schede\/&#8221; image=&#8221;https:\/\/bullkites.com\/wp-content\/uploads\/2023\/01\/Bullkites-Frontpage-Boards.jpg&#8221; module_id=&#8221;advancement-img&#8221; _builder_version=&#8221;4.19.4&#8243; _module_preset=&#8221;default&#8221; text_orientation=&#8221;center&#8221; global_colors_info=&#8221;{}&#8221;][\/et_pb_blurb][\/et_pb_column][et_pb_column type=&#8221;1_3&#8243; _builder_version=&#8221;4.19.4&#8243; _module_preset=&#8221;default&#8221; global_colors_info=&#8221;{}&#8221;][et_pb_blurb title=&#8221;Vele da windsurf&#8221; url=&#8221;https:\/\/bullkites.com\/it\/vele\/&#8221; image=&#8221;https:\/\/bullkites.com\/wp-content\/uploads\/2023\/01\/Bullkites-Frontpage-Windsurf.jpg&#8221; module_id=&#8221;advancement-img&#8221; _builder_version=&#8221;4.19.4&#8243; _module_preset=&#8221;default&#8221; text_orientation=&#8221;center&#8221; global_colors_info=&#8221;{}&#8221;][\/et_pb_blurb][\/et_pb_column][\/et_pb_row][\/et_pb_section][et_pb_section fb_built=&#8221;1&#8243; _builder_version=&#8221;4.19.4&#8243; _module_preset=&#8221;default&#8221; background_image=&#8221;https:\/\/bullkites.com\/wp-content\/uploads\/2023\/01\/dark_waves_3a2358c6.jpg&#8221; global_colors_info=&#8221;{}&#8221;][et_pb_row _builder_version=&#8221;4.19.4&#8243; _module_preset=&#8221;default&#8221; global_colors_info=&#8221;{}&#8221;][et_pb_column type=&#8221;4_4&#8243; _builder_version=&#8221;4.19.4&#8243; _module_preset=&#8221;default&#8221; global_colors_info=&#8221;{}&#8221;][et_pb_code _builder_version=&#8221;4.19.4&#8243; _module_preset=&#8221;default&#8221; global_colors_info=&#8221;{}&#8221;]<iframe loading=\"lazy\" width=\"560\" height=\"315\" src=\"https:\/\/www.youtube-nocookie.com\/embed\/IOmuVSKja3Y?controls=0\" title=\"Lettore video di YouTube\" frameborder=\"0\" allow=\"accelerometer; autoplay; clipboard-write; encrypted-media; gyroscope; picture-in-picture; web-share\" allowfullscreen=\"\"><\/iframe>[\/et_pb_code][\/et_pb_column][\/et_pb_row][\/et_pb_section]<\/p>\n","protected":false},"excerpt":{"rendered":"<p>La semplicit\u00e0 non \u00e8 scontata. \u00c8 una conquista, un&#8217;invenzione umana, una scoperta, una convinzione amata. &#8211; William H. Gass, Trovare una formaBull Kites and Sails offre ai kiter e ai windsurfer ambiziosi i pi\u00f9 recenti progressi della tecnica.<\/p>\n","protected":false},"author":1,"featured_media":0,"parent":0,"menu_order":0,"comment_status":"closed","ping_status":"closed","template":"","meta":{"_et_pb_use_builder":"on","_et_pb_old_content":"","_et_gb_content_width":"","footnotes":""},"_links":{"self":[{"href":"https:\/\/bullkites.com\/it\/wp-json\/wp\/v2\/pages\/1793"}],"collection":[{"href":"https:\/\/bullkites.com\/it\/wp-json\/wp\/v2\/pages"}],"about":[{"href":"https:\/\/bullkites.com\/it\/wp-json\/wp\/v2\/types\/page"}],"author":[{"embeddable":true,"href":"https:\/\/bullkites.com\/it\/wp-json\/wp\/v2\/users\/1"}],"replies":[{"embeddable":true,"href":"https:\/\/bullkites.com\/it\/wp-json\/wp\/v2\/comments?post=1793"}],"version-history":[{"count":21,"href":"https:\/\/bullkites.com\/it\/wp-json\/wp\/v2\/pages\/1793\/revisions"}],"predecessor-version":[{"id":2462,"href":"https:\/\/bullkites.com\/it\/wp-json\/wp\/v2\/pages\/1793\/revisions\/2462"}],"wp:attachment":[{"href":"https:\/\/bullkites.com\/it\/wp-json\/wp\/v2\/media?parent=1793"}],"curies":[{"name":"wp","href":"https:\/\/api.w.org\/{rel}","templated":true}]}}