{"id":1980,"date":"2023-01-12T17:28:21","date_gmt":"2023-01-12T17:28:21","guid":{"rendered":"http:\/\/bullkites.com\/circa\/"},"modified":"2023-04-27T09:16:00","modified_gmt":"2023-04-27T09:16:00","slug":"circa","status":"publish","type":"page","link":"https:\/\/bullkites.com\/it\/circa\/","title":{"rendered":"Circa"},"content":{"rendered":"<p>[et_pb_section fb_built=&#8221;1&#8243; custom_padding_last_edited=&#8221;off|desktop&#8221; _builder_version=&#8221;4.19.4&#8243; _module_preset=&#8221;default&#8221; background_color=&#8221;rgba(0,0,0,0.45)&#8221; background_image=&#8221;https:\/\/bullkites.com\/wp-content\/uploads\/2023\/02\/About-Keyvisual.jpg&#8221; background_blend=&#8221;overlay&#8221; hover_enabled=&#8221;0&#8243; locked=&#8221;off&#8221; global_colors_info=&#8221;{}&#8221; title_text=&#8221;About Header Keyvisual&#8221; sticky_enabled=&#8221;0&#8243;][et_pb_row custom_padding_last_edited=&#8221;on|desktop&#8221; module_id=&#8221;about&#8221; _builder_version=&#8221;4.19.4&#8243; _module_preset=&#8221;default&#8221; width=&#8221;100%&#8221; max_width=&#8221;1140px&#8221; custom_margin=&#8221;400px||||false|false&#8221; custom_margin_tablet=&#8221;120px||||false|false&#8221; custom_margin_phone=&#8221;120px||||false|false&#8221; custom_margin_last_edited=&#8221;on|tablet&#8221; custom_padding=&#8221;6px||0px|95px|false|false&#8221; custom_padding_tablet=&#8221;|||20px|false|false&#8221; custom_padding_phone=&#8221;|||20px|false|false&#8221; global_colors_info=&#8221;{}&#8221;][et_pb_column type=&#8221;4_4&#8243; _builder_version=&#8221;4.19.4&#8243; _module_preset=&#8221;default&#8221; global_colors_info=&#8221;{}&#8221;][et_pb_text module_id=&#8221;heading-kite&#8221; _builder_version=&#8221;4.19.4&#8243; _module_preset=&#8221;default&#8221; text_font=&#8221;Open Sans||||||||&#8221; text_text_color=&#8221;#FFFFFF&#8221; header_font=&#8221;Open Sans|700|||||||&#8221; header_text_color=&#8221;#FFFFFF&#8221; header_font_size=&#8221;48px&#8221; header_line_height=&#8221;1.2em&#8221; custom_padding=&#8221;0px||0px||false|false&#8221; header_font_size_tablet=&#8221;42px&#8221; header_font_size_phone=&#8221;42px&#8221; header_font_size_last_edited=&#8221;on|tablet&#8221; global_colors_info=&#8221;{}&#8221;]<\/p>\n<h1>Passione per il vento e l&#8217;acqua<\/h1>\n<p class=\"performance\">DAL 1994<\/p>\n<p>[\/et_pb_text][\/et_pb_column][\/et_pb_row][\/et_pb_section][et_pb_section fb_built=&#8221;1&#8243; custom_padding_last_edited=&#8221;off|desktop&#8221; _builder_version=&#8221;4.19.4&#8243; _module_preset=&#8221;default&#8221; global_colors_info=&#8221;{}&#8221;][et_pb_row custom_padding_last_edited=&#8221;on|phone&#8221; _builder_version=&#8221;4.19.4&#8243; _module_preset=&#8221;default&#8221; width_tablet=&#8221;100%&#8221; width_phone=&#8221;100%&#8221; width_last_edited=&#8221;on|tablet&#8221; max_width=&#8221;1140px&#8221; custom_margin=&#8221;||||false|false&#8221; custom_margin_tablet=&#8221;|0px||0px|false|false&#8221; custom_margin_phone=&#8221;|0px||0px|false|false&#8221; custom_margin_last_edited=&#8221;on|desktop&#8221; custom_padding=&#8221;|246px||95px|false|false&#8221; custom_padding_tablet=&#8221;|20px||20px|false|false&#8221; custom_padding_phone=&#8221;|20px||20px|false|false&#8221; global_colors_info=&#8221;{}&#8221;][et_pb_column type=&#8221;4_4&#8243; _builder_version=&#8221;4.19.4&#8243; _module_preset=&#8221;default&#8221; global_colors_info=&#8221;{}&#8221;][et_pb_text _builder_version=&#8221;4.19.4&#8243; _module_preset=&#8221;default&#8221; header_text_align=&#8221;left&#8221; header_2_font=&#8221;Open Sans|600|||||||&#8221; header_2_text_align=&#8221;left&#8221; header_2_text_color=&#8221;#000000&#8243; header_2_font_size=&#8221;36px&#8221; header_2_line_height=&#8221;1.2em&#8221; locked=&#8221;off&#8221; global_colors_info=&#8221;{}&#8221;]<\/p>\n<h2>Stagnino, hobbista, inventore e tecnico con tutto il corpo e l&#8217;anima.<\/h2>\n<p>[\/et_pb_text][et_pb_text _builder_version=&#8221;4.19.4&#8243; _module_preset=&#8221;default&#8221; header_line_height=&#8221;1.5em&#8221; header_2_text_color=&#8221;#000000&#8243; header_2_font_size=&#8221;36px&#8221; header_5_font=&#8221;|600|||||||&#8221; header_5_text_color=&#8221;#000000&#8243; header_5_font_size=&#8221;20px&#8221; header_5_line_height=&#8221;1.5em&#8221; custom_margin=&#8221;||1em||false|false&#8221; global_colors_info=&#8221;{}&#8221;]<\/p>\n<h5><span>Max Ziegler, ingegnere meccanico di formazione, velista, windsurfista, surfista e kiter da sempre. Con 23 esemplari realizzati in modo indipendente. Ha fatto surf in tutti gli spot del mondo, stacanovista incallito e fanatico degli sport acquatici. Max vive con Ana, suo figlio Lukas e la loro gatta Lola a Tarifa.<\/span><\/h5>\n<p>[\/et_pb_text][et_pb_text _builder_version=&#8221;4.19.4&#8243; _module_preset=&#8221;default&#8221; text_text_color=&#8221;#000000&#8243; text_font_size=&#8221;16px&#8221; global_colors_info=&#8221;{}&#8221;]<\/p>\n<p>Nasce nel 1996 dall&#8217;azienda di produzione di vele South End Sails, in cui gi\u00e0 operava il socio fondatore di BULL, Max Ziegler. Come allora, anche oggi, Bull si concentra sul windsurf, sul kitesurf (dal 2001) e sul surf. Il lavoro di sviluppo di lunga data, svolto anche per altre aziende, ha assunto una posizione chiave per il progettoBull. La ricerca e lo sviluppo, sia in campo teorico che pratico, rimangono le nostre competenze principali. Per la progettazione dei nostri prodotti viene utilizzato un software 3D all&#8217;avanguardia, insieme a un ampio parco macchine. Siamo quindi in grado di produrre innumerevoli prototipi, prodotti singoli, piccole serie e produzioni di massa nel nostro stabilimento in Asia.<\/p>\n<p>Tutto ci\u00f2 che riguarda gli sport acquatici si \u00e8 evoluto nel tempo con ulteriori attivit\u00e0. Oggi, nella nostra sede centrale di Tarifa, offriamo anche un servizio di riparazione di kite, vele, tavole e accessori, una scuola di kite e surf modernamente attrezzata e aperta tutto l&#8217;anno e un ampio negozio con tutti i tipi di componenti per kite, windsurf, surf e SUP. Le nostre collezioni di articoli da spiaggia completano l&#8217;offerta per i clienti pi\u00f9 attenti alla moda.<\/p>\n<p>Non avete tempo di venire a Tarifa? Fare clic qui per visitare il nostro<a href=\"https:\/\/www.bullonshop.com\/\" target=\"_blank\" rel=\"noopener\"> negozio online Bull<\/a>.<\/p>\n<p>[\/et_pb_text][\/et_pb_column][\/et_pb_row][\/et_pb_section]<\/p>\n","protected":false},"excerpt":{"rendered":"<p>Passione per il vento e l&#8217;acqua DAL 1994Stagnino, hobbista, inventore e tecnico con tutto il corpo e l&#8217;anima.Max Ziegler, ingegnere meccanico di formazione, velista, windsurfista, surfista e kiter da sempre. Con 23 esemplari realizzati in modo indipendente. Ha fatto surf in tutti gli spot del mondo, stacanovista incallito e fanatico degli sport acquatici. Max vive [&hellip;]<\/p>\n","protected":false},"author":1,"featured_media":0,"parent":0,"menu_order":0,"comment_status":"closed","ping_status":"closed","template":"","meta":{"_et_pb_use_builder":"on","_et_pb_old_content":"","_et_gb_content_width":"","footnotes":""},"_links":{"self":[{"href":"https:\/\/bullkites.com\/it\/wp-json\/wp\/v2\/pages\/1980"}],"collection":[{"href":"https:\/\/bullkites.com\/it\/wp-json\/wp\/v2\/pages"}],"about":[{"href":"https:\/\/bullkites.com\/it\/wp-json\/wp\/v2\/types\/page"}],"author":[{"embeddable":true,"href":"https:\/\/bullkites.com\/it\/wp-json\/wp\/v2\/users\/1"}],"replies":[{"embeddable":true,"href":"https:\/\/bullkites.com\/it\/wp-json\/wp\/v2\/comments?post=1980"}],"version-history":[{"count":2,"href":"https:\/\/bullkites.com\/it\/wp-json\/wp\/v2\/pages\/1980\/revisions"}],"predecessor-version":[{"id":1991,"href":"https:\/\/bullkites.com\/it\/wp-json\/wp\/v2\/pages\/1980\/revisions\/1991"}],"wp:attachment":[{"href":"https:\/\/bullkites.com\/it\/wp-json\/wp\/v2\/media?parent=1980"}],"curies":[{"name":"wp","href":"https:\/\/api.w.org\/{rel}","templated":true}]}}